{"id":24649,"date":"2024-07-15T06:38:24","date_gmt":"2024-07-15T06:38:24","guid":{"rendered":"https:\/\/buni.be\/?post_type=product&#038;p=24649"},"modified":"2025-06-03T10:05:16","modified_gmt":"2025-06-03T10:05:16","slug":"inga-5613-chaise-empilable-kopie-kopie-5","status":"publish","type":"product","link":"https:\/\/buni.be\/fr\/product\/meubles-interieur\/chaises-interieur\/inga-5613-chaise-empilable-kopie-kopie-5\/","title":{"rendered":"Jamaica 2910 - Chaise"},"content":{"rendered":"","protected":false},"excerpt":{"rendered":"<p>Fauteuil d&rsquo;int\u00e9rieur avec coque et pieds en contreplaqu\u00e9 de fr\u00eane<\/p>\n<p>Dossier en acier tubulaire<\/p>\n<p>Diff\u00e9rentes finitions possibles<\/p>\n<p>Marque de design italienne<\/p>\n<p><img decoding=\"async\" class=\"alignnone size-full wp-image-10555\" src=\"https:\/\/buni.be\/wp-content\/uploads\/2023\/08\/pedrali-logo-300x42-1-e1693472310675.png\" alt=\"\" width=\"115\" height=\"16\" \/><\/p>\n","protected":false},"featured_media":24658,"template":"","meta":[],"product_brand":[],"product_cat":[284,559,562],"product_tag":[],"class_list":{"0":"post-24649","1":"product","2":"type-product","3":"status-publish","4":"has-post-thumbnail","6":"product_cat-chaises-interieur","7":"product_cat-meubles-interieur","8":"product_cat-meubles-polyvalents","9":"pa_materiaal-frame-bois","10":"pa_materiaal-zitting-rug-metal-epoxy-acier","11":"pa_stapelbaar-non","12":"pa_zithoogte-taille-normale-47-cm","14":"first","15":"instock","16":"taxable","17":"shipping-taxable","18":"purchasable","19":"product-type-simple"},"acf":[],"_links":{"self":[{"href":"https:\/\/buni.be\/fr\/wp-json\/wp\/v2\/product\/24649","targetHints":{"allow":["GET"]}}],"collection":[{"href":"https:\/\/buni.be\/fr\/wp-json\/wp\/v2\/product"}],"about":[{"href":"https:\/\/buni.be\/fr\/wp-json\/wp\/v2\/types\/product"}],"version-history":[{"count":0,"href":"https:\/\/buni.be\/fr\/wp-json\/wp\/v2\/product\/24649\/revisions"}],"wp:featuredmedia":[{"embeddable":true,"href":"https:\/\/buni.be\/fr\/wp-json\/wp\/v2\/media\/24658"}],"wp:attachment":[{"href":"https:\/\/buni.be\/fr\/wp-json\/wp\/v2\/media?parent=24649"}],"wp:term":[{"taxonomy":"product_brand","embeddable":true,"href":"https:\/\/buni.be\/fr\/wp-json\/wp\/v2\/product_brand?post=24649"},{"taxonomy":"product_cat","embeddable":true,"href":"https:\/\/buni.be\/fr\/wp-json\/wp\/v2\/product_cat?post=24649"},{"taxonomy":"product_tag","embeddable":true,"href":"https:\/\/buni.be\/fr\/wp-json\/wp\/v2\/product_tag?post=24649"}],"curies":[{"name":"wp","href":"https:\/\/api.w.org\/{rel}","templated":true}]}}