{"id":16326,"date":"2023-08-31T09:17:18","date_gmt":"2023-08-31T09:17:18","guid":{"rendered":"https:\/\/buni.be\/product\/nolita-3655-fauteuil-empilable\/"},"modified":"2025-10-26T13:11:04","modified_gmt":"2025-10-26T11:11:04","slug":"nolita-3655-fauteuil-empilable","status":"publish","type":"product","link":"https:\/\/buni.be\/fr\/product\/meubles-exterieur\/chaises-exterieur\/nolita-3655-fauteuil-empilable\/","title":{"rendered":"Fauteuil empilable pour l&rsquo;int\u00e9rieur et l&rsquo;ext\u00e9rieur - Nolita 3655"},"content":{"rendered":"<p data-start=\"1892\" data-end=\"2154\">Laissez-vous surprendre par l&rsquo;\u00e9l\u00e9gance ludique de la <strong data-start=\"1918\" data-end=\"1933\">Nolita 3655<\/strong>, une chaise de patio \u00e9l\u00e9gante qui allie le design italien \u00e0 la fonctionnalit\u00e9 pure. Avec sa <strong data-start=\"2026\" data-end=\"2055\">structure l\u00e9g\u00e8re en acier<\/strong> et ses <strong data-start=\"2059\" data-end=\"2085\">lignes minimalistes<\/strong>, cette chaise ajoute instantan\u00e9ment du caract\u00e8re \u00e0 toute terrasse ou \u00e0 tout espace int\u00e9rieur ou ext\u00e9rieur. <\/p>\n<p data-start=\"2156\" data-end=\"2486\">La chaise est fabriqu\u00e9e en acier tubulaire \u00e9lectrogalvanis\u00e9 et <strong data-start=\"2231\" data-end=\"2272\">recouverte d&rsquo;un rev\u00eatement en poudre r\u00e9sistant aux intemp\u00e9ries<\/strong>, ce qui la rend adapt\u00e9e \u00e0 un usage ext\u00e9rieur intensif. Le dossier bas et les larges accoudoirs assurent une assise confortable. La structure ouverte avec de <g id=\"gid_1\">fines barres verticales<\/g> donne \u00e0 la chaise un aspect a\u00e9r\u00e9 et laisse passer facilement la pluie ou la salet\u00e9. Vous pouvez choisir parmi <g id=\"gid_2\">plusieurs couleurs<\/g>, du turquoise enjou\u00e9 \u00e0 la terre cuite chaude ou au jaune vibrant. Un <strong>coussin d&rsquo;assise optionnel<\/strong> rend la <strong>chaise<\/strong> encore plus confortable pour les moments d&rsquo;assise prolong\u00e9s.    <\/p>\n<p data-start=\"2488\" data-end=\"2849\">Cette version est <strong data-start=\"2507\" data-end=\"2534\">empilable jusqu&rsquo;\u00e0 10 pi\u00e8ces<\/strong> et donc extr\u00eamement pratique pour les entreprises de restauration qui souhaitent un ameublement flexible. Facile \u00e0 nettoyer et r\u00e9sistant aux intemp\u00e9ries, il convient <g id=\"gid_1\">aussi bien<\/g> \u00e0 l <g id=\"gid_1\">&lsquo;ext\u00e9rieur qu&rsquo;\u00e0 l&rsquo;int\u00e9rieur<\/g>. Que vous am\u00e9nagiez la <g id=\"gid_2\">terrasse d&rsquo;un restaurant, un caf\u00e9, un lieu d&rsquo;\u00e9v\u00e9nement ou un espace public<\/g>, la Nolita 3655 est un choix fiable. Elle est \u00e9galement disponible comme chaise de terrasse sans accoudoirs et comme tabouret de bar. Chaque chaise est disponible en diff\u00e9rentes couleurs, empilable, avec un coussin d&rsquo;assise en option et avec la m\u00eame <g id=\"gid_3\">structure tubulaire embl\u00e9matique<\/g>. Avec Nolita, vous cr\u00e9ez sans effort une <strong>image globale accueillante<\/strong>.     <\/p>\n<p data-start=\"2851\" data-end=\"3023\">Jetez \u00e9galement un coup d&rsquo;\u0153il \u00e0 notre <a href=\"https:\/\/buni.be\/fr\/?post_type=product&#038;p=35520\">outlet<\/a> pour une bonne affaire : <strong data-start=\"2864\" data-end=\"2908\">2 pi\u00e8ces avec cadre noir<\/strong>, imm\u00e9diatement disponibles \u00e0 un prix exceptionnel.<\/p>\n","protected":false},"excerpt":{"rendered":"<p data-start=\"2320\" data-end=\"2492\">La Nolita est une <strong data-start=\"2361\" data-end=\"2391\">chaise de terrasse <\/strong>fra\u00eeche et color\u00e9e <strong data-start=\"2361\" data-end=\"2391\">, avec accoudoirs <\/strong>et structure m\u00e9tallique a\u00e9r\u00e9e, con\u00e7ue pour un usage professionnel. <strong>L\u00e9g\u00e8re, empilable<\/strong> et fabriqu\u00e9e en acier durable rev\u00eatu de poudre. Con\u00e7ue pour l&rsquo;ext\u00e9rieur, elle est \u00e9galement parfaitement utilisable \u00e0 l&rsquo;int\u00e9rieur. <strong>Un design italien<\/strong> qui allie confort et caract\u00e8re. <\/p>\n<ul>\n<li data-start=\"2494\" data-end=\"2794\">Cadre fin en acier peint par poudrage<\/li>\n<li data-start=\"2494\" data-end=\"2794\">Choix de <strong>diff\u00e9rentes couleurs<\/strong><\/li>\n<li data-start=\"2494\" data-end=\"2794\"><strong>Coussin d&rsquo;assise<\/strong> en tissu en option<\/li>\n<li data-start=\"2494\" data-end=\"2794\">Dossier confortable et <strong>accoudoirs<\/strong> arrondis<\/li>\n<li data-start=\"2494\" data-end=\"2794\">Convient pour une utilisation \u00e0 <strong>l&rsquo;ext\u00e9rieur et \u00e0 l&rsquo;int\u00e9rieur<\/strong><\/li>\n<li data-start=\"2494\" data-end=\"2794\"><strong>Empilable<\/strong> jusqu&rsquo;\u00e0 10 unit\u00e9s<\/li>\n<li data-start=\"2494\" data-end=\"2794\">A combiner avec les autres mod\u00e8les de la <strong>collection Nolita<\/strong><\/li>\n<li data-start=\"2494\" data-end=\"2794\"><strong>100% design italien<\/strong> de Pedrali<\/li>\n<\/ul>\n<p><img decoding=\"async\" class=\"alignnone size-full wp-image-10555\" src=\"https:\/\/buni.be\/wp-content\/uploads\/2023\/08\/pedrali-logo-300x42-1-e1693472310675.png\" alt=\"\" width=\"115\" height=\"16\"><\/p>\n","protected":false},"featured_media":37372,"template":"","meta":[],"product_brand":[],"product_cat":[294,299],"product_tag":[760],"class_list":{"0":"post-16326","1":"product","2":"type-product","3":"status-publish","4":"has-post-thumbnail","6":"product_cat-meubles-exterieur","7":"product_cat-chaises-exterieur","8":"product_tag-nolita-fr","9":"pa_klapbaar-non-fr","10":"pa_materiaal-frame-metal-epoxy-acier","11":"pa_materiaal-zitting-rug-metal-epoxy-acier","12":"pa_stapelbaar-oui-fr","13":"pa_zithoogte-taille-normale-47-cm","15":"first","16":"instock","17":"taxable","18":"shipping-taxable","19":"purchasable","20":"product-type-simple"},"acf":[],"_links":{"self":[{"href":"https:\/\/buni.be\/fr\/wp-json\/wp\/v2\/product\/16326","targetHints":{"allow":["GET"]}}],"collection":[{"href":"https:\/\/buni.be\/fr\/wp-json\/wp\/v2\/product"}],"about":[{"href":"https:\/\/buni.be\/fr\/wp-json\/wp\/v2\/types\/product"}],"version-history":[{"count":1,"href":"https:\/\/buni.be\/fr\/wp-json\/wp\/v2\/product\/16326\/revisions"}],"predecessor-version":[{"id":42879,"href":"https:\/\/buni.be\/fr\/wp-json\/wp\/v2\/product\/16326\/revisions\/42879"}],"wp:featuredmedia":[{"embeddable":true,"href":"https:\/\/buni.be\/fr\/wp-json\/wp\/v2\/media\/37372"}],"wp:attachment":[{"href":"https:\/\/buni.be\/fr\/wp-json\/wp\/v2\/media?parent=16326"}],"wp:term":[{"taxonomy":"product_brand","embeddable":true,"href":"https:\/\/buni.be\/fr\/wp-json\/wp\/v2\/product_brand?post=16326"},{"taxonomy":"product_cat","embeddable":true,"href":"https:\/\/buni.be\/fr\/wp-json\/wp\/v2\/product_cat?post=16326"},{"taxonomy":"product_tag","embeddable":true,"href":"https:\/\/buni.be\/fr\/wp-json\/wp\/v2\/product_tag?post=16326"}],"curies":[{"name":"wp","href":"https:\/\/api.w.org\/{rel}","templated":true}]}}