{"id":16223,"date":"2023-08-28T08:19:13","date_gmt":"2023-08-28T08:19:13","guid":{"rendered":"https:\/\/buni.be\/product\/tina-chaise-horeca\/"},"modified":"2025-08-21T11:52:48","modified_gmt":"2025-08-21T09:52:48","slug":"tina-chaise-horeca","status":"publish","type":"product","link":"https:\/\/buni.be\/fr\/product\/meubles-interieur\/chaises-interieur\/tina-chaise-horeca\/","title":{"rendered":"Chaise horeca empilable \u2013 Tina"},"content":{"rendered":"<p data-pm-slice=\"1 1 []\">La <strong>chaise Tina<\/strong> est con\u00e7ue pour les lieux o\u00f9 <strong>confort <\/strong>et <strong>style <\/strong>vont de pair. Cette chaise horeca combine une silhouette famili\u00e8re avec des possibilit\u00e9s modernes. La coque est disponible en <strong>multiplis<\/strong>, en <strong>bois massif<\/strong> ou en <strong>version rembourr\u00e9e<\/strong> \u2013 chaque option offrant une assise agr\u00e9able.  <\/p>\n<p>Pour le dossier, vous avez le choix entre deux variantes : un <strong>mod\u00e8le droit et sobre<\/strong> ou une <strong>version plus arrondie<\/strong> qui offre un soutien suppl\u00e9mentaire. Ces deux options donnent \u00e0 la Tina son caract\u00e8re unique et assurent un confort durable \u2013 id\u00e9ale pour les restaurants, caf\u00e9s ou salles de r\u00e9union. <\/p>\n<p>La base est compos\u00e9e d\u2019un <strong>cadre m\u00e9tallique fin et stable<\/strong>, fini avec un \u00e9l\u00e9gant rev\u00eatement en poudre. Gr\u00e2ce \u00e0 son design <strong>empilable<\/strong>, la Tina se range et se transporte facilement \u2013 parfaite pour les configurations flexibles et les \u00e9v\u00e9nements saisonniers. <\/p>\n<p>Que vous optiez pour une version <strong>teint\u00e9e<\/strong>, un <strong>bois classique<\/strong> ou un mod\u00e8le enti\u00e8rement rembourr\u00e9, la Tina s\u2019int\u00e8gre sans effort dans tout type d\u2019int\u00e9rieur. Elle d\u00e9gage une impression de calme, avec une grande attention aux d\u00e9tails. Un choix fiable et flexible qui marie parfaitement forme et fonctionnalit\u00e9.<\/p>\n","protected":false},"excerpt":{"rendered":"<p data-pm-slice=\"1 1 []\">La <strong>chaise horeca Tina<\/strong> r\u00e9unit tradition et confort dans un design intemporel. Le <strong>cadre m\u00e9tallique \u00e9lanc\u00e9<\/strong> contraste joliment avec les formes douces et arrondies de <strong>l\u2019assise <\/strong>et du <strong>dossier<\/strong>. Plusieurs finitions sont disponibles : du <strong>multiplis <\/strong>\u00e0 <strong>enti\u00e8rement rembourr\u00e9<\/strong>. La Tina est <strong>l\u00e9g\u00e8re, empilable<\/strong> et parfaitement adapt\u00e9e aux environnements horeca tr\u00e8s fr\u00e9quent\u00e9s.   <\/p>\n<ul>\n<li>Coque confortable avec dossier accueillant<\/li>\n<li>Disponible avec assise en bois, rembourr\u00e9e ou en multiplis<\/li>\n<li>Deux styles de dossier au choix : droit ou arrondi<\/li>\n<li>Base m\u00e9tallique fine et robuste<\/li>\n<li>Disponible en plusieurs coloris<\/li>\n<li>Empilable et facile d\u2019entretien<\/li>\n<\/ul>\n","protected":false},"featured_media":34251,"template":"","meta":[],"product_brand":[],"product_cat":[559,284],"product_tag":[915],"class_list":{"0":"post-16223","1":"product","2":"type-product","3":"status-publish","4":"has-post-thumbnail","6":"product_cat-meubles-interieur","7":"product_cat-chaises-interieur","8":"product_tag-tina-fr","9":"pa_klapbaar-non-fr","10":"pa_materiaal-frame-metal-epoxy-acier","11":"pa_materiaal-zitting-rug-revetement-en-cuir-synthetique-ou-tissu","12":"pa_stapelbaar-oui-fr","14":"first","15":"instock","16":"taxable","17":"shipping-taxable","18":"purchasable","19":"product-type-simple"},"acf":[],"_links":{"self":[{"href":"https:\/\/buni.be\/fr\/wp-json\/wp\/v2\/product\/16223","targetHints":{"allow":["GET"]}}],"collection":[{"href":"https:\/\/buni.be\/fr\/wp-json\/wp\/v2\/product"}],"about":[{"href":"https:\/\/buni.be\/fr\/wp-json\/wp\/v2\/types\/product"}],"version-history":[{"count":0,"href":"https:\/\/buni.be\/fr\/wp-json\/wp\/v2\/product\/16223\/revisions"}],"wp:featuredmedia":[{"embeddable":true,"href":"https:\/\/buni.be\/fr\/wp-json\/wp\/v2\/media\/34251"}],"wp:attachment":[{"href":"https:\/\/buni.be\/fr\/wp-json\/wp\/v2\/media?parent=16223"}],"wp:term":[{"taxonomy":"product_brand","embeddable":true,"href":"https:\/\/buni.be\/fr\/wp-json\/wp\/v2\/product_brand?post=16223"},{"taxonomy":"product_cat","embeddable":true,"href":"https:\/\/buni.be\/fr\/wp-json\/wp\/v2\/product_cat?post=16223"},{"taxonomy":"product_tag","embeddable":true,"href":"https:\/\/buni.be\/fr\/wp-json\/wp\/v2\/product_tag?post=16223"}],"curies":[{"name":"wp","href":"https:\/\/api.w.org\/{rel}","templated":true}]}}