{"id":15431,"date":"2023-09-15T09:37:29","date_gmt":"2023-09-15T09:37:29","guid":{"rendered":"https:\/\/buni.be\/product\/continental-3-pieds-pietement-de-table\/"},"modified":"2025-10-26T13:03:14","modified_gmt":"2025-10-26T11:03:14","slug":"continental-3-pieds-pietement-de-table","status":"publish","type":"product","link":"https:\/\/buni.be\/fr\/product\/meubles-exterieur\/supports-de-table-exterieur\/continental-3-pieds-pietement-de-table\/","title":{"rendered":"Socle de table tripode 6052 - Mod\u00e8le classique et fixe"},"content":{"rendered":"<p data-start=\"1219\" data-end=\"1565\">Le pi\u00e9destal de table 6052 est un <strong>classique<\/strong> \u00e9l\u00e9gant <strong>dot\u00e9 de trois pieds<\/strong> qui se distinguent non seulement sur le plan visuel, mais qui assurent \u00e9galement une stabilit\u00e9 optimale sur diff\u00e9rentes surfaces. Les lignes \u00e9l\u00e9gamment incurv\u00e9es de la base conf\u00e8rent \u00e0 toute table de restauration un aspect sophistiqu\u00e9, tandis que le rev\u00eatement en poudre noire offre une finition \u00e9l\u00e9gante et r\u00e9sistante aux rayures. <\/p>\n<p data-start=\"1567\" data-end=\"1906\">La <strong>version en fonte<\/strong> est parfaite pour une utilisation int\u00e9rieure dans les caf\u00e9s, les brasseries ou les restaurants, o\u00f9 elle contribue \u00e0 cr\u00e9er une atmosph\u00e8re chaleureuse et authentique. Pour les applications ext\u00e9rieures, une version <strong>en aluminium<\/strong> est disponible : elle est l\u00e9g\u00e8re, inoxydable et r\u00e9sistante aux intemp\u00e9ries. Les deux versions sont con\u00e7ues dans un souci de durabilit\u00e9 et d&rsquo;esth\u00e9tique.  <\/p>\n<p data-start=\"1908\" data-end=\"2248\">Gr\u00e2ce \u00e0 sa construction robuste en tr\u00e9pied, ce ch\u00e2ssis constitue une base fiable pour les plateaux de table ronds jusqu&rsquo;\u00e0 760 mm de diam\u00e8tre. Tr\u00e8s pratique : vous pouvez combiner cette base avec l&rsquo;un des nombreux <strong data-start=\"2133\" data-end=\"2168\"><a href=\"https:\/\/buni.be\/fr\/meubles-exterieur\/plateaux-de-table-exterieur\/\">plateaux de table de<\/a> notre gamme<\/strong>. Vous cr\u00e9ez ainsi une table qui correspond parfaitement \u00e0 votre concept, \u00e0 votre style et \u00e0 votre espace. Ce ch\u00e2ssis est \u00e9galement disponible<strong> en plusieurs mod\u00e8les<\/strong>, dont une<strong> version<\/strong> <strong>\u00e0 quatre pieds<\/strong> ou une<strong> version pour les tables plus longues<\/strong>, ce qui vous permet de cr\u00e9er n&rsquo;importe quelle installation personnalis\u00e9e.   <\/p>\n<p data-start=\"2517\" data-end=\"2633\">Une valeur s\u00fbre pour ceux qui recherchent des <strong data-start=\"2563\" data-end=\"2594\">meubles de<\/strong> restauration de <strong data-start=\"2563\" data-end=\"2594\">qualit\u00e9 <\/strong>, \u00e0 la fois pratiques et \u00e9l\u00e9gants.<\/p>\n","protected":false},"excerpt":{"rendered":"<p data-start=\"311\" data-end=\"677\">Le <strong data-start=\"315\" data-end=\"347\">pi\u00e9destal de table tripode 6052<\/strong> allie stabilit\u00e9 et style dans un design classique. Les pieds gracieux, recouverts d&rsquo;un rev\u00eatement en poudre noir, conf\u00e8rent un aspect \u00e9l\u00e9gant et une base solide \u00e0 votre table de restauration. La base est disponible en <strong data-start=\"564\" data-end=\"596\">fonte pour l&rsquo;int\u00e9rieur<\/strong> et en <strong data-start=\"600\" data-end=\"632\">aluminium pour l&rsquo;ext\u00e9rieur<\/strong>, chacune \u00e9tant con\u00e7ue pour durer des ann\u00e9es.  <\/p>\n<ul>\n<li data-start=\"679\" data-end=\"1014\">Tr\u00e9pied pour un<strong>support stable<\/strong><\/li>\n<li data-start=\"679\" data-end=\"1014\">Rev\u00eatement en poudre noir pour une finition intemporelle et n\u00e9cessitant peu d&rsquo;entretien<\/li>\n<li data-start=\"679\" data-end=\"1014\">Convient aux plateaux de table jusqu&rsquo;\u00e0 <strong>760 mm de<\/strong> diam\u00e8tre<\/li>\n<li data-start=\"679\" data-end=\"1014\">Combinez avec nos plateaux de table pour une <strong data-start=\"939\" data-end=\"956\">table sur mesure.<\/strong><\/li>\n<li data-start=\"679\" data-end=\"1014\">\u00c9galement disponible en version <strong>\u00e0 quatre pattes<\/strong> et pour des <strong>tables plus grandes<\/strong>.<\/li>\n<li data-start=\"679\" data-end=\"1014\"><strong>En stock<\/strong> dans notre entrep\u00f4t<\/li>\n<\/ul>\n","protected":false},"featured_media":39581,"template":"","meta":[],"product_brand":[],"product_cat":[294,301],"product_tag":[656],"class_list":{"0":"post-15431","1":"product","2":"type-product","3":"status-publish","4":"has-post-thumbnail","6":"product_cat-meubles-exterieur","7":"product_cat-supports-de-table-exterieur","8":"product_tag-continental-fr","9":"pa_klapbaar-non-fr","10":"pa_materiaal-frame-aluminium-fr","12":"first","13":"instock","14":"taxable","15":"shipping-taxable","16":"purchasable","17":"product-type-simple"},"acf":[],"_links":{"self":[{"href":"https:\/\/buni.be\/fr\/wp-json\/wp\/v2\/product\/15431","targetHints":{"allow":["GET"]}}],"collection":[{"href":"https:\/\/buni.be\/fr\/wp-json\/wp\/v2\/product"}],"about":[{"href":"https:\/\/buni.be\/fr\/wp-json\/wp\/v2\/types\/product"}],"version-history":[{"count":1,"href":"https:\/\/buni.be\/fr\/wp-json\/wp\/v2\/product\/15431\/revisions"}],"predecessor-version":[{"id":42570,"href":"https:\/\/buni.be\/fr\/wp-json\/wp\/v2\/product\/15431\/revisions\/42570"}],"wp:featuredmedia":[{"embeddable":true,"href":"https:\/\/buni.be\/fr\/wp-json\/wp\/v2\/media\/39581"}],"wp:attachment":[{"href":"https:\/\/buni.be\/fr\/wp-json\/wp\/v2\/media?parent=15431"}],"wp:term":[{"taxonomy":"product_brand","embeddable":true,"href":"https:\/\/buni.be\/fr\/wp-json\/wp\/v2\/product_brand?post=15431"},{"taxonomy":"product_cat","embeddable":true,"href":"https:\/\/buni.be\/fr\/wp-json\/wp\/v2\/product_cat?post=15431"},{"taxonomy":"product_tag","embeddable":true,"href":"https:\/\/buni.be\/fr\/wp-json\/wp\/v2\/product_tag?post=15431"}],"curies":[{"name":"wp","href":"https:\/\/api.w.org\/{rel}","templated":true}]}}