{"id":15401,"date":"2023-09-15T13:06:08","date_gmt":"2023-09-15T13:06:08","guid":{"rendered":"https:\/\/buni.be\/product\/elliot-5470t-pietement-de-table-pliable\/"},"modified":"2025-10-26T13:00:14","modified_gmt":"2025-10-26T11:00:14","slug":"elliot-5470t-pietement-de-base","status":"publish","type":"product","link":"https:\/\/buni.be\/fr\/product\/meubles-interieur\/support-de-table-interieur\/elliot-5470t-pietement-de-base\/","title":{"rendered":"Socle de table pliante pour tables de restauration - Elliot 5470T"},"content":{"rendered":"<p data-start=\"1289\" data-end=\"1672\">La <strong data-start=\"1292\" data-end=\"1339\">table pliante Elliot 5470T<\/strong> r\u00e9unit le design italien et la facilit\u00e9 d&rsquo;utilisation. La base est en fonte d&rsquo;aluminium avec une \u00e9l\u00e9gante colonne trilob\u00e9e en aluminium extrud\u00e9. Les trois pieds assurent une base stable, tandis que les lignes fluides et le design minimaliste donnent un aspect \u00e9l\u00e9gant qui s&rsquo;adapte \u00e0 tous les int\u00e9rieurs.  <\/p>\n<p data-start=\"1674\" data-end=\"2098\">Ce pi\u00e8tement est id\u00e9al pour ceux qui souhaitent \u00e9quiper leur entreprise de restauration de tables pouvant \u00eatre rang\u00e9es de mani\u00e8re flexible et compacte. Gr\u00e2ce au <g id=\"gid_0\">m\u00e9canisme de pliage astucieux<\/g>, vous pouvez facilement faire basculer le plateau de table vers le haut, ce qui vous permet de placer plusieurs tables les unes \u00e0 c\u00f4t\u00e9 des autres. L&rsquo;Elliot est donc un excellent choix pour l&rsquo;am\u00e9nagement des terrasses de restauration, mais aussi pour les espaces int\u00e9rieurs tels que les restaurants, les caf\u00e9s, les h\u00f4tels et les salles de r\u00e9union.  <\/p>\n<p data-start=\"2386\" data-end=\"2704\">L&rsquo;Elliot est con\u00e7u par la<strong> marque italienne Pedrali<\/strong>, connue pour ses meubles d&rsquo;accueil durables et de haute qualit\u00e9. L&rsquo;aluminium conf\u00e8re \u00e0 la base l\u00e9g\u00e8ret\u00e9, solidit\u00e9 et facilit\u00e9 d&rsquo;entretien. Gr\u00e2ce \u00e0 sa <strong>finition r\u00e9sistante aux intemp\u00e9ries<\/strong>, la base est parfaite pour une <strong>utilisation \u00e0 l&rsquo;int\u00e9rieur comme \u00e0 l&rsquo;ext\u00e9rieur<\/strong>.  <\/p>\n","protected":false},"excerpt":{"rendered":"<p data-start=\"297\" data-end=\"653\">L&rsquo;Elliot 5470T est un \u00e9l\u00e9gant <strong data-start=\"328\" data-end=\"374\">pied de table pliant pour les tables d&rsquo;accueil<\/strong>. Il associe une silhouette \u00e9lanc\u00e9e \u00e0 un ing\u00e9nieux m\u00e9canisme de pliage, vous permettant de ranger les tables de mani\u00e8re compacte. Les trois pieds en fonte d&rsquo;aluminium et la colonne trilob\u00e9e conf\u00e8rent un aspect moderne et une stabilit\u00e9 solide. Convient pour un usage int\u00e9rieur et ext\u00e9rieur.   <\/p>\n<ul>\n<li data-start=\"655\" data-end=\"1100\"><strong data-start=\"666\" data-end=\"701\">Socle de table de restauration<\/strong> pliable <strong data-start=\"666\" data-end=\"701\">en aluminium de<\/strong> Pedrali<\/li>\n<li data-start=\"655\" data-end=\"1100\"><strong>Tr\u00e9pied stable<\/strong> avec colonne trilob\u00e9e en aluminium extrud\u00e9<\/li>\n<li data-start=\"655\" data-end=\"1100\">Convient \u00e0 diff\u00e9rents plateaux de table et finitions<\/li>\n<li data-start=\"655\" data-end=\"1100\">Durable, <strong>l\u00e9ger<\/strong> et facile d&rsquo;entretien<\/li>\n<li data-start=\"655\" data-end=\"1100\">Disponible en<strong> plusieurs couleurs<\/strong> et \u00e9galement en version <strong>tr\u00e9pied<\/strong> fixe <strong>ou \u00e0 quatre pieds.<\/strong><\/li>\n<li data-start=\"655\" data-end=\"1100\">De la<strong> marque de design italienne Pedrali<\/strong><\/li>\n<\/ul>\n<p><img decoding=\"async\" class=\"alignnone size-full wp-image-10555\" src=\"https:\/\/buni.be\/wp-content\/uploads\/2023\/08\/pedrali-logo-300x42-1-e1693472310675.png\" alt=\"\" width=\"115\" height=\"16\"><\/p>\n","protected":false},"featured_media":39726,"template":"","meta":[],"product_brand":[],"product_cat":[559,286,294,301],"product_tag":[675],"class_list":{"0":"post-15401","1":"product","2":"type-product","3":"status-publish","4":"has-post-thumbnail","6":"product_cat-meubles-interieur","7":"product_cat-support-de-table-interieur","8":"product_cat-meubles-exterieur","9":"product_cat-supports-de-table-exterieur","10":"product_tag-elliot-fr","11":"pa_klapbaar-oui","12":"pa_materiaal-frame-aluminium-fr","14":"first","15":"instock","16":"taxable","17":"shipping-taxable","18":"purchasable","19":"product-type-simple"},"acf":[],"_links":{"self":[{"href":"https:\/\/buni.be\/fr\/wp-json\/wp\/v2\/product\/15401","targetHints":{"allow":["GET"]}}],"collection":[{"href":"https:\/\/buni.be\/fr\/wp-json\/wp\/v2\/product"}],"about":[{"href":"https:\/\/buni.be\/fr\/wp-json\/wp\/v2\/types\/product"}],"version-history":[{"count":1,"href":"https:\/\/buni.be\/fr\/wp-json\/wp\/v2\/product\/15401\/revisions"}],"predecessor-version":[{"id":42447,"href":"https:\/\/buni.be\/fr\/wp-json\/wp\/v2\/product\/15401\/revisions\/42447"}],"wp:featuredmedia":[{"embeddable":true,"href":"https:\/\/buni.be\/fr\/wp-json\/wp\/v2\/media\/39726"}],"wp:attachment":[{"href":"https:\/\/buni.be\/fr\/wp-json\/wp\/v2\/media?parent=15401"}],"wp:term":[{"taxonomy":"product_brand","embeddable":true,"href":"https:\/\/buni.be\/fr\/wp-json\/wp\/v2\/product_brand?post=15401"},{"taxonomy":"product_cat","embeddable":true,"href":"https:\/\/buni.be\/fr\/wp-json\/wp\/v2\/product_cat?post=15401"},{"taxonomy":"product_tag","embeddable":true,"href":"https:\/\/buni.be\/fr\/wp-json\/wp\/v2\/product_tag?post=15401"}],"curies":[{"name":"wp","href":"https:\/\/api.w.org\/{rel}","templated":true}]}}