{"id":15360,"date":"2023-10-24T13:41:46","date_gmt":"2023-10-24T13:41:46","guid":{"rendered":"https:\/\/buni.be\/product\/circus-pietement-de-table\/"},"modified":"2023-10-24T13:41:46","modified_gmt":"2023-10-24T13:41:46","slug":"circus-pietement-de-table","status":"publish","type":"product","link":"https:\/\/buni.be\/fr\/product\/meubles-interieur\/support-de-table-interieur\/circus-pietement-de-table\/","title":{"rendered":"Circus - Pi\u00e9tement de table"},"content":{"rendered":"","protected":false},"excerpt":{"rendered":"<p>Pi\u00e9tement de table d&rsquo;ext\u00e9rieur<\/p>\n<p>Disponible en plusieurs couleurs<\/p>\n<p>Diff\u00e9rentes hauteurs<\/p>\n","protected":false},"featured_media":14486,"template":"","meta":[],"product_brand":[],"product_cat":[559,286],"product_tag":[716],"class_list":{"0":"post-15360","1":"product","2":"type-product","3":"status-publish","4":"has-post-thumbnail","6":"product_cat-meubles-interieur","7":"product_cat-support-de-table-interieur","8":"product_tag-circus-fr","9":"pa_klapbaar-non-fr","10":"pa_materiaal-frame-metal-epoxy-acier","11":"pa_tafelhoogte-hauteur-de-table-de-bar-110-cm","12":"pa_tafelhoogte-hauteur-lounge-45-cm","13":"pa_tafelhoogte-hauteur-mediane-90-cm","14":"pa_tafelhoogte-taille-normale-75-cm","16":"first","17":"instock","18":"taxable","19":"shipping-taxable","20":"purchasable","21":"product-type-simple"},"acf":[],"_links":{"self":[{"href":"https:\/\/buni.be\/fr\/wp-json\/wp\/v2\/product\/15360","targetHints":{"allow":["GET"]}}],"collection":[{"href":"https:\/\/buni.be\/fr\/wp-json\/wp\/v2\/product"}],"about":[{"href":"https:\/\/buni.be\/fr\/wp-json\/wp\/v2\/types\/product"}],"version-history":[{"count":0,"href":"https:\/\/buni.be\/fr\/wp-json\/wp\/v2\/product\/15360\/revisions"}],"wp:featuredmedia":[{"embeddable":true,"href":"https:\/\/buni.be\/fr\/wp-json\/wp\/v2\/media\/14486"}],"wp:attachment":[{"href":"https:\/\/buni.be\/fr\/wp-json\/wp\/v2\/media?parent=15360"}],"wp:term":[{"taxonomy":"product_brand","embeddable":true,"href":"https:\/\/buni.be\/fr\/wp-json\/wp\/v2\/product_brand?post=15360"},{"taxonomy":"product_cat","embeddable":true,"href":"https:\/\/buni.be\/fr\/wp-json\/wp\/v2\/product_cat?post=15360"},{"taxonomy":"product_tag","embeddable":true,"href":"https:\/\/buni.be\/fr\/wp-json\/wp\/v2\/product_tag?post=15360"}],"curies":[{"name":"wp","href":"https:\/\/api.w.org\/{rel}","templated":true}]}}